{"id":162,"date":"2021-02-23T19:51:14","date_gmt":"2021-02-23T18:51:14","guid":{"rendered":"http:\/\/paseandog.com\/?page_id=162"},"modified":"2025-10-26T11:45:01","modified_gmt":"2025-10-26T10:45:01","slug":"donde-estamos","status":"publish","type":"page","link":"https:\/\/paseandog.com\/index.php\/donde-estamos\/","title":{"rendered":"D\u00f3nde estamos?"},"content":{"rendered":"\n<p>Estamos en todos sitios y en ninguno a la vez&#8230;<\/p>\n\n\n\n<p>De momento no disponemos de un n\u00facleo zool\u00f3gico debidamente autorizado por lo que somos m\u00f3viles.<\/p>\n\n\n\n<p>Nos movemos por toda la zona de Gand\u00eda y alrededores y visitamos diversos tipos de ambientes donde poder hacer disfrutar a la manada a la vez que reciben sus pautas y educaci\u00f3n.<\/p>\n\n\n\n<p><\/p>\n\n\n\n<figure class=\"wp-block-image size-large\"><img loading=\"lazy\" decoding=\"async\" width=\"1024\" height=\"768\" src=\"http:\/\/paseandog.com\/wp-content\/uploads\/2021\/02\/DSCN7434-1024x768.jpg\" alt=\"\" class=\"wp-image-163\" srcset=\"https:\/\/paseandog.com\/wp-content\/uploads\/2021\/02\/DSCN7434-1024x768.jpg 1024w, https:\/\/paseandog.com\/wp-content\/uploads\/2021\/02\/DSCN7434-300x225.jpg 300w, https:\/\/paseandog.com\/wp-content\/uploads\/2021\/02\/DSCN7434-768x576.jpg 768w, https:\/\/paseandog.com\/wp-content\/uploads\/2021\/02\/DSCN7434.jpg 1440w\" sizes=\"auto, (max-width: 1024px) 100vw, 1024px\" \/><figcaption>Monta\u00f1a<\/figcaption><\/figure>\n\n\n\n<figure class=\"wp-block-image size-large\"><img loading=\"lazy\" decoding=\"async\" width=\"1024\" height=\"882\" src=\"http:\/\/paseandog.com\/wp-content\/uploads\/2021\/02\/Screenshot_2019-06-19-00-56-45-830_com.instagram.android-1024x882.jpg\" alt=\"\" class=\"wp-image-164\" srcset=\"https:\/\/paseandog.com\/wp-content\/uploads\/2021\/02\/Screenshot_2019-06-19-00-56-45-830_com.instagram.android-1024x882.jpg 1024w, https:\/\/paseandog.com\/wp-content\/uploads\/2021\/02\/Screenshot_2019-06-19-00-56-45-830_com.instagram.android-300x258.jpg 300w, https:\/\/paseandog.com\/wp-content\/uploads\/2021\/02\/Screenshot_2019-06-19-00-56-45-830_com.instagram.android-768x661.jpg 768w, https:\/\/paseandog.com\/wp-content\/uploads\/2021\/02\/Screenshot_2019-06-19-00-56-45-830_com.instagram.android.jpg 1080w\" sizes=\"auto, (max-width: 1024px) 100vw, 1024px\" \/><figcaption>Piscina<\/figcaption><\/figure>\n\n\n\n<figure class=\"wp-block-image size-large\"><img loading=\"lazy\" decoding=\"async\" width=\"1024\" height=\"768\" src=\"http:\/\/paseandog.com\/wp-content\/uploads\/2021\/02\/DSCN9346-1024x768.jpg\" alt=\"\" class=\"wp-image-165\" srcset=\"https:\/\/paseandog.com\/wp-content\/uploads\/2021\/02\/DSCN9346-1024x768.jpg 1024w, https:\/\/paseandog.com\/wp-content\/uploads\/2021\/02\/DSCN9346-300x225.jpg 300w, https:\/\/paseandog.com\/wp-content\/uploads\/2021\/02\/DSCN9346-768x576.jpg 768w, https:\/\/paseandog.com\/wp-content\/uploads\/2021\/02\/DSCN9346.jpg 1440w\" sizes=\"auto, (max-width: 1024px) 100vw, 1024px\" \/><figcaption>Campo<\/figcaption><\/figure>\n\n\n\n<figure class=\"wp-block-image size-large\"><img loading=\"lazy\" decoding=\"async\" width=\"1024\" height=\"768\" src=\"http:\/\/paseandog.com\/wp-content\/uploads\/2021\/02\/IMG_20200818_110608-1024x768.jpg\" alt=\"\" class=\"wp-image-166\" srcset=\"https:\/\/paseandog.com\/wp-content\/uploads\/2021\/02\/IMG_20200818_110608-1024x768.jpg 1024w, https:\/\/paseandog.com\/wp-content\/uploads\/2021\/02\/IMG_20200818_110608-300x225.jpg 300w, https:\/\/paseandog.com\/wp-content\/uploads\/2021\/02\/IMG_20200818_110608-768x576.jpg 768w, https:\/\/paseandog.com\/wp-content\/uploads\/2021\/02\/IMG_20200818_110608-1536x1152.jpg 1536w, https:\/\/paseandog.com\/wp-content\/uploads\/2021\/02\/IMG_20200818_110608-2048x1536.jpg 2048w\" sizes=\"auto, (max-width: 1024px) 100vw, 1024px\" \/><figcaption>O asfalto&#8230;<\/figcaption><\/figure>\n\n\n\n<p>D\u00f3nde les haga falta, ah\u00ed estaremos&#8230;<\/p>\n","protected":false},"excerpt":{"rendered":"<p>Estamos en todos sitios y en ninguno a la vez&#8230; De momento no disponemos de un n\u00facleo zool\u00f3gico debidamente autorizado por lo que somos m\u00f3viles.&hellip;<\/p>\n","protected":false},"author":1,"featured_media":0,"parent":0,"menu_order":0,"comment_status":"closed","ping_status":"closed","template":"","meta":{"footnotes":""},"class_list":["post-162","page","type-page","status-publish","hentry","no-post-thumbnail"],"_links":{"self":[{"href":"https:\/\/paseandog.com\/index.php\/wp-json\/wp\/v2\/pages\/162","targetHints":{"allow":["GET"]}}],"collection":[{"href":"https:\/\/paseandog.com\/index.php\/wp-json\/wp\/v2\/pages"}],"about":[{"href":"https:\/\/paseandog.com\/index.php\/wp-json\/wp\/v2\/types\/page"}],"author":[{"embeddable":true,"href":"https:\/\/paseandog.com\/index.php\/wp-json\/wp\/v2\/users\/1"}],"replies":[{"embeddable":true,"href":"https:\/\/paseandog.com\/index.php\/wp-json\/wp\/v2\/comments?post=162"}],"version-history":[{"count":2,"href":"https:\/\/paseandog.com\/index.php\/wp-json\/wp\/v2\/pages\/162\/revisions"}],"predecessor-version":[{"id":287,"href":"https:\/\/paseandog.com\/index.php\/wp-json\/wp\/v2\/pages\/162\/revisions\/287"}],"wp:attachment":[{"href":"https:\/\/paseandog.com\/index.php\/wp-json\/wp\/v2\/media?parent=162"}],"curies":[{"name":"wp","href":"https:\/\/api.w.org\/{rel}","templated":true}]}}