{"id":156,"date":"2021-02-23T19:26:30","date_gmt":"2021-02-23T18:26:30","guid":{"rendered":"http:\/\/paseandog.com\/?page_id=156"},"modified":"2024-08-28T12:50:43","modified_gmt":"2024-08-28T10:50:43","slug":"quienes-somos","status":"publish","type":"page","link":"https:\/\/paseandog.com\/index.php\/quienes-somos\/","title":{"rendered":"Qui\u00e9nes somos"},"content":{"rendered":"\n<p>Germ\u00e1n Tor\u00e1n Navarro<\/p>\n\n\n\n<p>Adiestrador canino oficial CV-ACC-137<\/p>\n\n\n\n<p>Lidia P\u00e9rez <\/p>\n\n\n\n<p>Adiestrador canino oficial CV-ACC-446<\/p>\n\n\n\n<p><\/p>\n\n\n\n<figure class=\"wp-block-image size-large\"><img loading=\"lazy\" decoding=\"async\" width=\"1024\" height=\"768\" src=\"http:\/\/paseandog.com\/wp-content\/uploads\/2021\/02\/DSCN8889-1024x768.jpg\" alt=\"\" class=\"wp-image-157\" srcset=\"https:\/\/paseandog.com\/wp-content\/uploads\/2021\/02\/DSCN8889-1024x768.jpg 1024w, https:\/\/paseandog.com\/wp-content\/uploads\/2021\/02\/DSCN8889-300x225.jpg 300w, https:\/\/paseandog.com\/wp-content\/uploads\/2021\/02\/DSCN8889-768x576.jpg 768w, https:\/\/paseandog.com\/wp-content\/uploads\/2021\/02\/DSCN8889.jpg 1440w\" sizes=\"auto, (max-width: 1024px) 100vw, 1024px\" \/><\/figure>\n\n\n\n<p><\/p>\n\n\n\n<figure class=\"wp-block-image size-large\"><img loading=\"lazy\" decoding=\"async\" width=\"716\" height=\"1024\" src=\"https:\/\/paseandog.com\/wp-content\/uploads\/2024\/08\/f9e88c35-3f31-4b9d-8b40-0b2dd8d76334-1_all_14161-716x1024.jpg\" alt=\"\" class=\"wp-image-280\" srcset=\"https:\/\/paseandog.com\/wp-content\/uploads\/2024\/08\/f9e88c35-3f31-4b9d-8b40-0b2dd8d76334-1_all_14161-716x1024.jpg 716w, https:\/\/paseandog.com\/wp-content\/uploads\/2024\/08\/f9e88c35-3f31-4b9d-8b40-0b2dd8d76334-1_all_14161-210x300.jpg 210w, https:\/\/paseandog.com\/wp-content\/uploads\/2024\/08\/f9e88c35-3f31-4b9d-8b40-0b2dd8d76334-1_all_14161-768x1098.jpg 768w, https:\/\/paseandog.com\/wp-content\/uploads\/2024\/08\/f9e88c35-3f31-4b9d-8b40-0b2dd8d76334-1_all_14161-1075x1536.jpg 1075w, https:\/\/paseandog.com\/wp-content\/uploads\/2024\/08\/f9e88c35-3f31-4b9d-8b40-0b2dd8d76334-1_all_14161-1433x2048.jpg 1433w, https:\/\/paseandog.com\/wp-content\/uploads\/2024\/08\/f9e88c35-3f31-4b9d-8b40-0b2dd8d76334-1_all_14161.jpg 1749w\" sizes=\"auto, (max-width: 716px) 100vw, 716px\" \/><\/figure>\n\n\n\n<p>Y su familia, que les echan una mano&#8230; O mejor dicho, muchas manos \ud83d\ude09<\/p>\n\n\n\n<p><\/p>\n\n\n\n<figure class=\"wp-block-image size-large\"><img loading=\"lazy\" decoding=\"async\" width=\"1024\" height=\"672\" src=\"http:\/\/paseandog.com\/wp-content\/uploads\/2021\/02\/IMG_20200331_154708-1024x672.jpg\" alt=\"\" class=\"wp-image-158\" srcset=\"https:\/\/paseandog.com\/wp-content\/uploads\/2021\/02\/IMG_20200331_154708-1024x672.jpg 1024w, https:\/\/paseandog.com\/wp-content\/uploads\/2021\/02\/IMG_20200331_154708-300x197.jpg 300w, https:\/\/paseandog.com\/wp-content\/uploads\/2021\/02\/IMG_20200331_154708-768x504.jpg 768w, https:\/\/paseandog.com\/wp-content\/uploads\/2021\/02\/IMG_20200331_154708.jpg 1323w\" sizes=\"auto, (max-width: 1024px) 100vw, 1024px\" \/><\/figure>\n","protected":false},"excerpt":{"rendered":"<p>Germ\u00e1n Tor\u00e1n Navarro Adiestrador canino oficial CV-ACC-137 Lidia P\u00e9rez Adiestrador canino oficial CV-ACC-446 Y su familia, que les echan una mano&#8230; O mejor dicho, muchas&hellip;<\/p>\n","protected":false},"author":1,"featured_media":0,"parent":0,"menu_order":0,"comment_status":"closed","ping_status":"closed","template":"","meta":{"footnotes":""},"class_list":["post-156","page","type-page","status-publish","hentry","no-post-thumbnail"],"_links":{"self":[{"href":"https:\/\/paseandog.com\/index.php\/wp-json\/wp\/v2\/pages\/156","targetHints":{"allow":["GET"]}}],"collection":[{"href":"https:\/\/paseandog.com\/index.php\/wp-json\/wp\/v2\/pages"}],"about":[{"href":"https:\/\/paseandog.com\/index.php\/wp-json\/wp\/v2\/types\/page"}],"author":[{"embeddable":true,"href":"https:\/\/paseandog.com\/index.php\/wp-json\/wp\/v2\/users\/1"}],"replies":[{"embeddable":true,"href":"https:\/\/paseandog.com\/index.php\/wp-json\/wp\/v2\/comments?post=156"}],"version-history":[{"count":3,"href":"https:\/\/paseandog.com\/index.php\/wp-json\/wp\/v2\/pages\/156\/revisions"}],"predecessor-version":[{"id":279,"href":"https:\/\/paseandog.com\/index.php\/wp-json\/wp\/v2\/pages\/156\/revisions\/279"}],"wp:attachment":[{"href":"https:\/\/paseandog.com\/index.php\/wp-json\/wp\/v2\/media?parent=156"}],"curies":[{"name":"wp","href":"https:\/\/api.w.org\/{rel}","templated":true}]}}