{"id":144,"date":"2021-02-19T07:20:37","date_gmt":"2021-02-19T06:20:37","guid":{"rendered":"http:\/\/paseandog.com\/?page_id=144"},"modified":"2021-02-23T19:13:11","modified_gmt":"2021-02-23T18:13:11","slug":"03-02-2021","status":"publish","type":"page","link":"https:\/\/paseandog.com\/index.php\/03-02-2021\/","title":{"rendered":"V\u00eddeos"},"content":{"rendered":"\n<figure class=\"wp-block-video\"><video height=\"1284\" style=\"aspect-ratio: 640 \/ 1284;\" width=\"640\" controls src=\"http:\/\/paseandog.com\/wp-content\/uploads\/2021\/02\/paseandog_gandia2489319387184546245.mp4\"><\/video><figcaption>18\/01\/2021 Diversos ambientes motivan su salud mental<\/figcaption><\/figure>\n\n\n\n<figure class=\"wp-block-video\"><video height=\"1284\" style=\"aspect-ratio: 640 \/ 1284;\" width=\"640\" controls src=\"http:\/\/paseandog.com\/wp-content\/uploads\/2021\/02\/paseandog_gandia2461051926689723273.mp4\"><\/video><figcaption>19\/12\/2020  Naturaleza y animales en perfecta armon\u00eda!! Qu\u00e9 m\u00e1s se puede pedir?<\/figcaption><\/figure>\n\n\n\n<figure class=\"wp-block-video\"><video height=\"1136\" style=\"aspect-ratio: 640 \/ 1136;\" width=\"640\" controls src=\"http:\/\/paseandog.com\/wp-content\/uploads\/2021\/02\/paseandog_gandia2501068952510179068.mp4\"><\/video><figcaption>Todos felices&#8230;<\/figcaption><\/figure>\n\n\n\n<p>03\/02\/2021 Guarder\u00eda canina en Gand\u00eda<\/p>\n","protected":false},"excerpt":{"rendered":"<p>03\/02\/2021 Guarder\u00eda canina en Gand\u00eda<\/p>\n","protected":false},"author":1,"featured_media":0,"parent":0,"menu_order":0,"comment_status":"closed","ping_status":"closed","template":"","meta":{"footnotes":""},"class_list":["post-144","page","type-page","status-publish","hentry","no-post-thumbnail"],"_links":{"self":[{"href":"https:\/\/paseandog.com\/index.php\/wp-json\/wp\/v2\/pages\/144","targetHints":{"allow":["GET"]}}],"collection":[{"href":"https:\/\/paseandog.com\/index.php\/wp-json\/wp\/v2\/pages"}],"about":[{"href":"https:\/\/paseandog.com\/index.php\/wp-json\/wp\/v2\/types\/page"}],"author":[{"embeddable":true,"href":"https:\/\/paseandog.com\/index.php\/wp-json\/wp\/v2\/users\/1"}],"replies":[{"embeddable":true,"href":"https:\/\/paseandog.com\/index.php\/wp-json\/wp\/v2\/comments?post=144"}],"version-history":[{"count":4,"href":"https:\/\/paseandog.com\/index.php\/wp-json\/wp\/v2\/pages\/144\/revisions"}],"predecessor-version":[{"id":155,"href":"https:\/\/paseandog.com\/index.php\/wp-json\/wp\/v2\/pages\/144\/revisions\/155"}],"wp:attachment":[{"href":"https:\/\/paseandog.com\/index.php\/wp-json\/wp\/v2\/media?parent=144"}],"curies":[{"name":"wp","href":"https:\/\/api.w.org\/{rel}","templated":true}]}}